{"id":853,"date":"2023-01-24T14:57:36","date_gmt":"2023-01-24T13:57:36","guid":{"rendered":"https:\/\/dev.everpress.everapps.dev\/impressum\/"},"modified":"2024-08-06T17:48:08","modified_gmt":"2024-08-06T15:48:08","slug":"impressum","status":"publish","type":"page","link":"https:\/\/shop-eca-serel-online-de.wd4.securewebdemo.net\/produkte\/impressum\/","title":{"rendered":"Impressum"},"content":{"rendered":"<div class=\"ep-content-dynamic  bg-light space \"><div class=\"row   default-start default-top\"><div class=\"col \"><div class=\"row\">\n<div class=\"col\">\n<h1>Impressum <span>E.C.A. Germany GmbH<\/span><\/h1>\n<\/div>\n<div class=\"col large-6\">\n<dl>\n<dt>Unternehmensname:<\/dt>\n<dd>E.C.A. Germany GmbH<\/dd>\n<dt>Adresse:<\/dt>\n<dd>Lindenstr. 14, 50674 K\u00f6ln &#8211; Deutschland<\/dd>\n<dt>Telefon:<\/dt>\n<dd><a href=\"tel:+4922192428165\" class=\" phone\" title=\"E.C.A. Germany GmbH in 50827 K\u00f6ln anrufen\">(0) 221 \/ 924 28 165<\/a><\/dd>\n<dt>Fax:<\/dt>\n<dd>+49 (0) 221 \/ 924 28 169<\/dd>\n<dt>E-Mail:<\/dt>\n<dd><a href=\"https:\/\/shop-eca-serel-online-de.wd4.securewebdemo.net\/produkte\" class=\" escape email\" title=\"E-Mail an E.C.A. Germany GmbH at 50827 K\u00f6ln senden\" data-email='{\"name\":\"info\",\"host\":\"eca-germany.de\"}'>info<span class=\"escape\">&part;<\/span>eca-germany.de<\/a><\/dd>\n<dt>Internetadresse:<\/dt>\n<dd><a href=\"https:\/\/shop-eca-serel-online-de.wd4.securewebdemo.net\/produkte\" title=\"Webseite\">https:\/\/shop-eca-serel-online-de.wd4.securewebdemo.net\/produkte<\/a><\/dd>\n<dt>Zentral\u00adlager:<\/dt>\n<dd><a href=\"tel:+4921661268\" class=\" phone\" title=\"E.C.A. Germany GmbH in 50827 K\u00f6ln anrufen\">(0) 221 \/ 924 28 165<\/a><\/dd>\n<dt>\n\t\t\t\tGesch\u00e4ftsf\u00fchrer:\t\t\t<\/dt>\n<dd>Herr Safak Duran<\/dd>\n<\/dl><\/div>\n<div class=\"col large-6\">\n<dl>\n<dt>Rechtsform:<\/dt>\n<dd>Einzelunternehmen<\/dd>\n<dt>Rechtsform:<\/dt>\n<dd>GmbH<\/dd>\n<dt>Umsatzsteuer ID:<\/dt>\n<dd>DE215012870<\/dd>\n<dt>Wirtschaftssteuer ID:<\/dt>\n<dd>215\/5813\/3974<\/dd>\n<dt>EORI-Nr.:<\/dt>\n<dd>4674308<\/dd>\n<dt>Registerort:<\/dt>\n<dd>Amtsgericht K\u00f6ln<\/dd>\n<dt>Registernummer:<\/dt>\n<dd>HRB 91118<\/dd>\n<dt>EKOL Prologis, ECA Zentrallager und Logistik:<\/dt>\n<dd>ITC-Logistic Franz-Grei\u00df-Stra\u00dfe 7, 50735 K\u00f6ln<\/dd>\n<\/dl><\/div>\n<div class=\"col\">\n<h2 class=\"h4\">Alternative Streitbeilegung gem\u00e4\u00df Art. 14 Abs. 1 ODR-VO und \u00a7 36 VSBG<\/h2>\n<p>Online-Streitbeilegung gem\u00e4\u00df Art. 14 Abs. 1 ODR-VO: Die Europ\u00e4ische Kommission stellt eine Plattform zur Online-Streitbeilegung (OS) bereit, die Sie hier finden: <a target=\"_blank\" href=\"http:\/\/ec.europa.eu\/consumers\/odr\/\" title=\"Online-Streitbeilegung\" rel=\"nofollow\">http:\/\/ec.europa.eu\/consumers\/odr\/<\/a>. Dar\u00fcber hinaus nimmt unser Betrieb an einem Verbraucherstreitigkeitsverfahren nicht teil.<\/p>\n<p>Bitte beachten Sie auch unsere <a href=\"https:\/\/shop-eca-serel-online-de.wd4.securewebdemo.net\/produkte\/datenschutzerklaerung\/\" title=\"Datenschutzerkl\u00e4rung E.C.A. Germany GmbH\">Datenschutzerkl\u00e4rung<\/a>.<\/p>\n<\/div>\n<\/div>\n<\/div><\/div><\/div>","protected":false},"excerpt":{"rendered":"","protected":false},"author":1,"featured_media":0,"parent":0,"menu_order":0,"comment_status":"closed","ping_status":"closed","template":"","meta":{"_acf_changed":false,"footnotes":""},"class_list":["post-853","page","type-page","status-publish","hentry"],"acf":[],"_links":{"self":[{"href":"https:\/\/shop-eca-serel-online-de.wd4.securewebdemo.net\/produkte\/wp-json\/wp\/v2\/pages\/853","targetHints":{"allow":["GET"]}}],"collection":[{"href":"https:\/\/shop-eca-serel-online-de.wd4.securewebdemo.net\/produkte\/wp-json\/wp\/v2\/pages"}],"about":[{"href":"https:\/\/shop-eca-serel-online-de.wd4.securewebdemo.net\/produkte\/wp-json\/wp\/v2\/types\/page"}],"author":[{"embeddable":true,"href":"https:\/\/shop-eca-serel-online-de.wd4.securewebdemo.net\/produkte\/wp-json\/wp\/v2\/users\/1"}],"replies":[{"embeddable":true,"href":"https:\/\/shop-eca-serel-online-de.wd4.securewebdemo.net\/produkte\/wp-json\/wp\/v2\/comments?post=853"}],"version-history":[{"count":0,"href":"https:\/\/shop-eca-serel-online-de.wd4.securewebdemo.net\/produkte\/wp-json\/wp\/v2\/pages\/853\/revisions"}],"wp:attachment":[{"href":"https:\/\/shop-eca-serel-online-de.wd4.securewebdemo.net\/produkte\/wp-json\/wp\/v2\/media?parent=853"}],"curies":[{"name":"wp","href":"https:\/\/api.w.org\/{rel}","templated":true}]}}